{"id":342,"date":"2017-03-30T11:38:14","date_gmt":"2017-03-30T09:38:14","guid":{"rendered":"http:\/\/zasilania.com\/fachowe-doradztwo\/"},"modified":"2018-08-13T11:44:53","modified_gmt":"2018-08-13T09:44:53","slug":"profesionalni-poradenstvi","status":"publish","type":"page","link":"https:\/\/zasilania.com\/cs\/nabidka\/profesionalni-poradenstvi\/","title":{"rendered":"PROFESION\u00c1LN\u00cd PORADENSTV\u00cd"},"content":{"rendered":"","protected":false},"excerpt":{"rendered":"","protected":false},"author":1,"featured_media":0,"parent":345,"menu_order":1,"comment_status":"closed","ping_status":"closed","template":"oferta-kategoria.php","meta":[],"_links":{"self":[{"href":"https:\/\/zasilania.com\/cs\/wp-json\/wp\/v2\/pages\/342"}],"collection":[{"href":"https:\/\/zasilania.com\/cs\/wp-json\/wp\/v2\/pages"}],"about":[{"href":"https:\/\/zasilania.com\/cs\/wp-json\/wp\/v2\/types\/page"}],"author":[{"embeddable":true,"href":"https:\/\/zasilania.com\/cs\/wp-json\/wp\/v2\/users\/1"}],"replies":[{"embeddable":true,"href":"https:\/\/zasilania.com\/cs\/wp-json\/wp\/v2\/comments?post=342"}],"version-history":[{"count":2,"href":"https:\/\/zasilania.com\/cs\/wp-json\/wp\/v2\/pages\/342\/revisions"}],"predecessor-version":[{"id":355,"href":"https:\/\/zasilania.com\/cs\/wp-json\/wp\/v2\/pages\/342\/revisions\/355"}],"up":[{"embeddable":true,"href":"https:\/\/zasilania.com\/cs\/wp-json\/wp\/v2\/pages\/345"}],"wp:attachment":[{"href":"https:\/\/zasilania.com\/cs\/wp-json\/wp\/v2\/media?parent=342"}],"curies":[{"name":"wp","href":"https:\/\/api.w.org\/{rel}","templated":true}]}}